{"id":7860,"date":"2023-06-26T12:15:46","date_gmt":"2023-06-26T10:15:46","guid":{"rendered":"https:\/\/deficode.blog.ac-lyon.fr\/wordpress\/?page_id=7860"},"modified":"2023-06-26T12:15:47","modified_gmt":"2023-06-26T10:15:47","slug":"proposer-un-lien","status":"publish","type":"page","link":"https:\/\/deficode.blog.ac-lyon.fr\/wordpress\/proposer-un-lien\/","title":{"rendered":"Proposer un lien"},"content":{"rendered":"<div class=\"forminator-ui forminator-custom-form forminator-custom-form-7859 forminator-design--default  forminator_ajax\" data-forminator-render=\"0\" data-form=\"forminator-module-7859\" data-uid=\"69d7878057d1f\"><br\/><\/div><form\n\t\t\t\tid=\"forminator-module-7859\"\n\t\t\t\tclass=\"forminator-ui forminator-custom-form forminator-custom-form-7859 forminator-design--default  forminator_ajax\"\n\t\t\t\tmethod=\"post\"\n\t\t\t\tdata-forminator-render=\"0\"\n\t\t\t\tdata-form-id=\"7859\"\n\t\t\t\t\n\t\t\t\tdata-design=\"default\"\n\t\t\t\t\n\t\t\t\t\n\t\t\t\t\n\t\t\t\tdata-grid=\"open\"\n\t\t\t\t\n\t\t\t\t\n\t\t\t\tstyle=\"display: none;\"\n\t\t\t\t\n\t\t\t\tdata-uid=\"69d7878057d1f\"\n\t\t\t><div role=\"alert\" aria-live=\"polite\" class=\"forminator-response-message forminator-error\" aria-hidden=\"true\"><\/div><div class=\"forminator-row\"><div id=\"html-1\" class=\"forminator-field-html forminator-col forminator-col-12 \"><div class=\"forminator-field forminator-merge-tags\" data-field=\"html-1\"><label class=\"forminator-label\">HTML<\/label><p>Pour proposer ou signaler un ou plusieurs liens, renseignez ce formulaire. Nous \u00e9tudierons votre proposition et la publierons si elle correspond \u00e0 l'esprit de notre site. Merci beaucoup.<\/p>\n<p>&nbsp;<\/p><\/div><\/div><\/div><div class=\"forminator-row\"><div id=\"select-1\" class=\"forminator-field-select forminator-col forminator-col-12 \"><div class=\"forminator-field\"><label for=\"forminator-form-7859__field--select-1_69d7878057d1f\" id=\"forminator-form-7859__field--select-1_69d7878057d1f-label\" class=\"forminator-label\">Liste s\u00e9lective <span class=\"forminator-required\">*<\/span><\/label><select id=\"forminator-form-7859__field--select-1_69d7878057d1f\" class=\"forminator-select--field forminator-select2\" data-required=\"1\" name=\"select-1\" data-default-value=\"\" data-hidden-behavior=\"zero\" data-placeholder=\"Pour quel.le application ou mat\u00e9riel voulez-vous proposer un lien?\" data-search=\"false\" aria-labelledby=\"forminator-form-7859__field--select-1_69d7878057d1f-label\" aria-describedby=\"forminator-form-7859__field--select-1_69d7878057d1f-description\"><option value=\"\">Pour quel.le application ou mat\u00e9riel voulez-vous proposer un lien?<\/option><option value=\"one\"  data-calculation=\"0\">Logo<\/option><option value=\"two\"  data-calculation=\"0\">Tuxbot<\/option><option value=\"Lapinbot\"  data-calculation=\"0\">Lapinbot (classe du Lama)<\/option><option value=\"Algoblocs\"  data-calculation=\"0\">Algoblocs<\/option><option value=\"Bee-bot-(classe-de-Florent)\"  data-calculation=\"0\">Bee-bot application (classe de Florent)<\/option><option value=\"Bee-Bot-Blue-Bot-robot\"  data-calculation=\"0\">Bee Bot\/Blue Bot robot<\/option><option value=\"Thymio\"  data-calculation=\"0\">Thymio<\/option><option value=\"Ozobot\"  data-calculation=\"0\">Ozobot<\/option><option value=\"Autre\"  data-calculation=\"0\">Autre<\/option><\/select><\/div><\/div><\/div><div class=\"forminator-row\"><div id=\"textarea-1\" class=\"forminator-field-textarea forminator-col forminator-col-12 \"><div class=\"forminator-field\"><label for=\"forminator-field-textarea-1_69d7878057d1f\" id=\"forminator-field-textarea-1_69d7878057d1f-label\" class=\"forminator-label\">Qui propose le(s) lien(s) ? <span class=\"forminator-required\">*<\/span><\/label><textarea name=\"textarea-1\" placeholder=\"\" id=\"forminator-field-textarea-1_69d7878057d1f\" class=\"forminator-textarea\" rows=\"6\" style=\"min-height:140px;\" aria-describedby=\"forminator-field-textarea-1_69d7878057d1f-description\" ><\/textarea><span id=\"forminator-field-textarea-1_69d7878057d1f-description\" class=\"forminator-description\">Pr\u00e9nom-nom<\/span><\/div><\/div><\/div><div class=\"forminator-row\"><div id=\"email-1\" class=\"forminator-field-email forminator-col forminator-col-12 \"><div class=\"forminator-field\"><label for=\"forminator-field-email-1_69d7878057d1f\" class=\"forminator-label\" id=\"forminator-field-email-1_69d7878057d1f-label\">Adresse de messagerie de l&#039;exp\u00e9diteur <span class=\"forminator-required\">*<\/span><\/label><input type=\"email\" name=\"email-1\" value=\"\" placeholder=\"De pr\u00e9f\u00e9rence adresse acad\u00e9mique ou fonctionnelle\" id=\"forminator-field-email-1_69d7878057d1f\" class=\"forminator-input forminator-email--field\" data-required=\"1\" aria-required=\"true\" \/><\/div><\/div><\/div><div class=\"forminator-row\"><div id=\"url-1\" class=\"forminator-field-url forminator-col forminator-col-12 \"><div class=\"forminator-field\"><label for=\"forminator-field-url-1_69d7878057d1f\" class=\"forminator-label\" id=\"forminator-field-url-1_69d7878057d1f-label\">Veuillez saisir le lien ci-dessous. <span class=\"forminator-required\">*<\/span><\/label><input type=\"url\" name=\"url-1\" value=\"\" placeholder=\"Par exemple\u00a0: https:\/\/www.example.com\" id=\"forminator-field-url-1_69d7878057d1f\" class=\"forminator-input forminator-website--field\" data-required=\"1\" aria-required=\"true\" \/><\/div><\/div><\/div><div class=\"forminator-row\"><div id=\"url-2\" class=\"forminator-field-url forminator-col forminator-col-12 \"><div class=\"forminator-field\"><label for=\"forminator-field-url-2_69d7878057d1f\" class=\"forminator-label\" id=\"forminator-field-url-2_69d7878057d1f-label\">Autre lien \u00e0 proposer.<\/label><input type=\"url\" name=\"url-2\" value=\"\" placeholder=\"Par exemple\u00a0: https:\/\/www.example.com\" id=\"forminator-field-url-2_69d7878057d1f\" class=\"forminator-input forminator-website--field\" data-required=\"\" aria-required=\"false\" \/><\/div><\/div><\/div><div class=\"forminator-row\"><div id=\"url-3\" class=\"forminator-field-url forminator-col forminator-col-12 \"><div class=\"forminator-field\"><label for=\"forminator-field-url-3_69d7878057d1f\" class=\"forminator-label\" id=\"forminator-field-url-3_69d7878057d1f-label\">Autre lien \u00e0 proposer.<\/label><input type=\"url\" name=\"url-3\" value=\"\" placeholder=\"Par exemple\u00a0: https:\/\/www.example.com\" id=\"forminator-field-url-3_69d7878057d1f\" class=\"forminator-input forminator-website--field\" data-required=\"\" aria-required=\"false\" \/><\/div><\/div><\/div><input type=\"hidden\" name=\"referer_url\" value=\"\" \/><div class=\"forminator-row forminator-row-last\"><div class=\"forminator-col\"><div class=\"forminator-field\"><button class=\"forminator-button forminator-button-submit\">Envoyer le message<\/button><\/div><\/div><\/div><input type=\"hidden\" id=\"forminator_nonce\" name=\"forminator_nonce\" value=\"fc03792720\" \/><input type=\"hidden\" name=\"_wp_http_referer\" value=\"\/wordpress\/wp-json\/wp\/v2\/pages\/7860\" \/><input type=\"hidden\" name=\"form_id\" value=\"7859\"><input type=\"hidden\" name=\"page_id\" value=\"7860\"><input type=\"hidden\" name=\"form_type\" value=\"default\"><input type=\"hidden\" name=\"current_url\" value=\"https:\/\/deficode.blog.ac-lyon.fr\/wordpress\/proposer-un-lien\/\"><input type=\"hidden\" name=\"render_id\" value=\"0\"><input type=\"hidden\" name=\"action\" value=\"forminator_submit_form_custom-forms\"><\/form>\n","protected":false},"excerpt":{"rendered":"","protected":false},"author":9,"featured_media":0,"parent":0,"menu_order":0,"comment_status":"closed","ping_status":"closed","template":"","meta":{"xn-wppe-expiration":[],"xn-wppe-expiration-action":[],"xn-wppe-expiration-prefix":[],"advgb_blocks_editor_width":"","advgb_blocks_columns_visual_guide":"","footnotes":""},"class_list":["post-7860","page","type-page","status-publish","czr-hentry"],"yoast_head":"<!-- This site is optimized with the Yoast SEO plugin v24.6 - https:\/\/yoast.com\/wordpress\/plugins\/seo\/ -->\n<title>Proposer un lien - Codage et robotique \u00e0 l&#039;\u00e9cole primaire et au coll\u00e8ge<\/title>\n<meta name=\"robots\" content=\"index, follow, max-snippet:-1, max-image-preview:large, max-video-preview:-1\" \/>\n<link rel=\"canonical\" href=\"https:\/\/deficode.blog.ac-lyon.fr\/wordpress\/proposer-un-lien\/\" \/>\n<script type=\"application\/ld+json\" class=\"yoast-schema-graph\">{\"@context\":\"https:\/\/schema.org\",\"@graph\":[{\"@type\":\"WebPage\",\"@id\":\"https:\/\/deficode.blog.ac-lyon.fr\/wordpress\/proposer-un-lien\/\",\"url\":\"https:\/\/deficode.blog.ac-lyon.fr\/wordpress\/proposer-un-lien\/\",\"name\":\"Proposer un lien - Codage et robotique \u00e0 l&#039;\u00e9cole primaire et au coll\u00e8ge\",\"isPartOf\":{\"@id\":\"https:\/\/deficode.blog.ac-lyon.fr\/wordpress\/#website\"},\"datePublished\":\"2023-06-26T10:15:46+00:00\",\"dateModified\":\"2023-06-26T10:15:47+00:00\",\"breadcrumb\":{\"@id\":\"https:\/\/deficode.blog.ac-lyon.fr\/wordpress\/proposer-un-lien\/#breadcrumb\"},\"inLanguage\":\"fr-FR\",\"potentialAction\":[{\"@type\":\"ReadAction\",\"target\":[\"https:\/\/deficode.blog.ac-lyon.fr\/wordpress\/proposer-un-lien\/\"]}]},{\"@type\":\"BreadcrumbList\",\"@id\":\"https:\/\/deficode.blog.ac-lyon.fr\/wordpress\/proposer-un-lien\/#breadcrumb\",\"itemListElement\":[{\"@type\":\"ListItem\",\"position\":1,\"name\":\"Accueil\",\"item\":\"https:\/\/deficode.blog.ac-lyon.fr\/wordpress\/\"},{\"@type\":\"ListItem\",\"position\":2,\"name\":\"Proposer un lien\"}]},{\"@type\":\"WebSite\",\"@id\":\"https:\/\/deficode.blog.ac-lyon.fr\/wordpress\/#website\",\"url\":\"https:\/\/deficode.blog.ac-lyon.fr\/wordpress\/\",\"name\":\"Codage et robotique \u00e0 l'\u00e9cole primaire et au coll\u00e8ge\",\"description\":\"Des applications, du mat\u00e9riel, des ressources et des d\u00e9fis\",\"publisher\":{\"@id\":\"https:\/\/deficode.blog.ac-lyon.fr\/wordpress\/#organization\"},\"potentialAction\":[{\"@type\":\"SearchAction\",\"target\":{\"@type\":\"EntryPoint\",\"urlTemplate\":\"https:\/\/deficode.blog.ac-lyon.fr\/wordpress\/?s={search_term_string}\"},\"query-input\":{\"@type\":\"PropertyValueSpecification\",\"valueRequired\":true,\"valueName\":\"search_term_string\"}}],\"inLanguage\":\"fr-FR\"},{\"@type\":\"Organization\",\"@id\":\"https:\/\/deficode.blog.ac-lyon.fr\/wordpress\/#organization\",\"name\":\"Codage et robotique \u00e0 l'\u00e9cole primaire et au coll\u00e8ge\",\"url\":\"https:\/\/deficode.blog.ac-lyon.fr\/wordpress\/\",\"logo\":{\"@type\":\"ImageObject\",\"inLanguage\":\"fr-FR\",\"@id\":\"https:\/\/deficode.blog.ac-lyon.fr\/wordpress\/#\/schema\/logo\/image\/\",\"url\":\"https:\/\/deficode.blog.ac-lyon.fr\/wordpress\/wp-content\/uploads\/2023\/06\/sp1.jpg\",\"contentUrl\":\"https:\/\/deficode.blog.ac-lyon.fr\/wordpress\/wp-content\/uploads\/2023\/06\/sp1.jpg\",\"width\":54,\"height\":42,\"caption\":\"Codage et robotique \u00e0 l'\u00e9cole primaire et au coll\u00e8ge\"},\"image\":{\"@id\":\"https:\/\/deficode.blog.ac-lyon.fr\/wordpress\/#\/schema\/logo\/image\/\"}}]}<\/script>\n<!-- \/ Yoast SEO plugin. -->","yoast_head_json":{"title":"Proposer un lien - Codage et robotique \u00e0 l&#039;\u00e9cole primaire et au coll\u00e8ge","robots":{"index":"index","follow":"follow","max-snippet":"max-snippet:-1","max-image-preview":"max-image-preview:large","max-video-preview":"max-video-preview:-1"},"canonical":"https:\/\/deficode.blog.ac-lyon.fr\/wordpress\/proposer-un-lien\/","schema":{"@context":"https:\/\/schema.org","@graph":[{"@type":"WebPage","@id":"https:\/\/deficode.blog.ac-lyon.fr\/wordpress\/proposer-un-lien\/","url":"https:\/\/deficode.blog.ac-lyon.fr\/wordpress\/proposer-un-lien\/","name":"Proposer un lien - Codage et robotique \u00e0 l&#039;\u00e9cole primaire et au coll\u00e8ge","isPartOf":{"@id":"https:\/\/deficode.blog.ac-lyon.fr\/wordpress\/#website"},"datePublished":"2023-06-26T10:15:46+00:00","dateModified":"2023-06-26T10:15:47+00:00","breadcrumb":{"@id":"https:\/\/deficode.blog.ac-lyon.fr\/wordpress\/proposer-un-lien\/#breadcrumb"},"inLanguage":"fr-FR","potentialAction":[{"@type":"ReadAction","target":["https:\/\/deficode.blog.ac-lyon.fr\/wordpress\/proposer-un-lien\/"]}]},{"@type":"BreadcrumbList","@id":"https:\/\/deficode.blog.ac-lyon.fr\/wordpress\/proposer-un-lien\/#breadcrumb","itemListElement":[{"@type":"ListItem","position":1,"name":"Accueil","item":"https:\/\/deficode.blog.ac-lyon.fr\/wordpress\/"},{"@type":"ListItem","position":2,"name":"Proposer un lien"}]},{"@type":"WebSite","@id":"https:\/\/deficode.blog.ac-lyon.fr\/wordpress\/#website","url":"https:\/\/deficode.blog.ac-lyon.fr\/wordpress\/","name":"Codage et robotique \u00e0 l'\u00e9cole primaire et au coll\u00e8ge","description":"Des applications, du mat\u00e9riel, des ressources et des d\u00e9fis","publisher":{"@id":"https:\/\/deficode.blog.ac-lyon.fr\/wordpress\/#organization"},"potentialAction":[{"@type":"SearchAction","target":{"@type":"EntryPoint","urlTemplate":"https:\/\/deficode.blog.ac-lyon.fr\/wordpress\/?s={search_term_string}"},"query-input":{"@type":"PropertyValueSpecification","valueRequired":true,"valueName":"search_term_string"}}],"inLanguage":"fr-FR"},{"@type":"Organization","@id":"https:\/\/deficode.blog.ac-lyon.fr\/wordpress\/#organization","name":"Codage et robotique \u00e0 l'\u00e9cole primaire et au coll\u00e8ge","url":"https:\/\/deficode.blog.ac-lyon.fr\/wordpress\/","logo":{"@type":"ImageObject","inLanguage":"fr-FR","@id":"https:\/\/deficode.blog.ac-lyon.fr\/wordpress\/#\/schema\/logo\/image\/","url":"https:\/\/deficode.blog.ac-lyon.fr\/wordpress\/wp-content\/uploads\/2023\/06\/sp1.jpg","contentUrl":"https:\/\/deficode.blog.ac-lyon.fr\/wordpress\/wp-content\/uploads\/2023\/06\/sp1.jpg","width":54,"height":42,"caption":"Codage et robotique \u00e0 l'\u00e9cole primaire et au coll\u00e8ge"},"image":{"@id":"https:\/\/deficode.blog.ac-lyon.fr\/wordpress\/#\/schema\/logo\/image\/"}}]}},"coauthors":[],"author_meta":{"author_link":"https:\/\/deficode.blog.ac-lyon.fr\/wordpress\/author\/frederic-simon\/","display_name":"Fr\u00e9d\u00e9ric SIMON"},"relative_dates":{"created":"Publi\u00e9 3 ans il y a","modified":"Mis \u00e0 jour 3 ans il y a"},"absolute_dates":{"created":"Publi\u00e9 le 26 juin 2023","modified":"Mise \u00e0 jour le 26 juin 2023"},"absolute_dates_time":{"created":"Publi\u00e9 le 26 juin 2023 12 h 15 min","modified":"Mise \u00e0 jour le 26 juin 2023 12 h 15 min"},"featured_img_caption":"","featured_img":false,"series_order":"","_links":{"self":[{"href":"https:\/\/deficode.blog.ac-lyon.fr\/wordpress\/wp-json\/wp\/v2\/pages\/7860","targetHints":{"allow":["GET"]}}],"collection":[{"href":"https:\/\/deficode.blog.ac-lyon.fr\/wordpress\/wp-json\/wp\/v2\/pages"}],"about":[{"href":"https:\/\/deficode.blog.ac-lyon.fr\/wordpress\/wp-json\/wp\/v2\/types\/page"}],"author":[{"embeddable":true,"href":"https:\/\/deficode.blog.ac-lyon.fr\/wordpress\/wp-json\/wp\/v2\/users\/9"}],"replies":[{"embeddable":true,"href":"https:\/\/deficode.blog.ac-lyon.fr\/wordpress\/wp-json\/wp\/v2\/comments?post=7860"}],"version-history":[{"count":1,"href":"https:\/\/deficode.blog.ac-lyon.fr\/wordpress\/wp-json\/wp\/v2\/pages\/7860\/revisions"}],"predecessor-version":[{"id":7863,"href":"https:\/\/deficode.blog.ac-lyon.fr\/wordpress\/wp-json\/wp\/v2\/pages\/7860\/revisions\/7863"}],"wp:attachment":[{"href":"https:\/\/deficode.blog.ac-lyon.fr\/wordpress\/wp-json\/wp\/v2\/media?parent=7860"}],"curies":[{"name":"wp","href":"https:\/\/api.w.org\/{rel}","templated":true}]}}