{"id":7631,"date":"2023-06-01T18:59:06","date_gmt":"2023-06-01T16:59:06","guid":{"rendered":"https:\/\/deficode.blog.ac-lyon.fr\/wordpress\/?page_id=7631"},"modified":"2023-06-01T18:59:08","modified_gmt":"2023-06-01T16:59:08","slug":"proposer-un-defi","status":"publish","type":"page","link":"https:\/\/deficode.blog.ac-lyon.fr\/wordpress\/proposer-un-defi\/","title":{"rendered":"Proposer un d\u00e9fi"},"content":{"rendered":"<div class=\"forminator-ui forminator-custom-form forminator-custom-form-7629 forminator-design--default  forminator_ajax\" data-forminator-render=\"0\" data-form=\"forminator-module-7629\" data-uid=\"69d78781c476c\"><br\/><\/div><form\n\t\t\t\tid=\"forminator-module-7629\"\n\t\t\t\tclass=\"forminator-ui forminator-custom-form forminator-custom-form-7629 forminator-design--default  forminator_ajax\"\n\t\t\t\tmethod=\"post\"\n\t\t\t\tdata-forminator-render=\"0\"\n\t\t\t\tdata-form-id=\"7629\"\n\t\t\t\t\n\t\t\t\tdata-design=\"default\"\n\t\t\t\t\n\t\t\t\t\n\t\t\t\t\n\t\t\t\tdata-grid=\"open\"\n\t\t\t\tenctype=\"multipart\/form-data\"\n\t\t\t\t\n\t\t\t\tstyle=\"display: none;\"\n\t\t\t\t\n\t\t\t\tdata-uid=\"69d78781c476c\"\n\t\t\t><div role=\"alert\" aria-live=\"polite\" class=\"forminator-response-message forminator-error\" aria-hidden=\"true\"><\/div><div class=\"forminator-row\"><div id=\"html-1\" class=\"forminator-field-html forminator-col forminator-col-12 \"><div class=\"forminator-field forminator-merge-tags\" data-field=\"html-1\"><label class=\"forminator-label\">HTML<\/label><p>Pour proposer un d\u00e9fi, renseignez ce formulaire et envoyez votre contribution en pi\u00e8ce jointe. Nous \u00e9tudierons votre proposition et la publierons si elle correspond \u00e0 l'esprit de notre site. Merci beaucoup.<\/p>\n<p>Tous les champs sont obligatoires.<\/p><\/div><\/div><\/div><div class=\"forminator-row\"><div id=\"select-1\" class=\"forminator-field-select forminator-col forminator-col-12 \"><div class=\"forminator-field\"><label for=\"forminator-form-7629__field--select-1_69d78781c476c\" id=\"forminator-form-7629__field--select-1_69d78781c476c-label\" class=\"forminator-label\">Liste s\u00e9lective <span class=\"forminator-required\">*<\/span><\/label><select id=\"forminator-form-7629__field--select-1_69d78781c476c\" class=\"forminator-select--field forminator-select2\" data-required=\"1\" name=\"select-1\" data-default-value=\"\" data-hidden-behavior=\"zero\" data-placeholder=\"Pour quel.le application ou mat\u00e9riel voulez-vous proposer un d\u00e9fi ?\" data-search=\"false\" aria-labelledby=\"forminator-form-7629__field--select-1_69d78781c476c-label\" aria-describedby=\"forminator-form-7629__field--select-1_69d78781c476c-description\"><option value=\"\">Pour quel.le application ou mat\u00e9riel voulez-vous proposer un d\u00e9fi ?<\/option><option value=\"one\"  data-calculation=\"0\">Logo<\/option><option value=\"two\"  data-calculation=\"0\">Tuxbot<\/option><option value=\"Lapinbot\"  data-calculation=\"0\">Lapinbot (classe du Lama)<\/option><option value=\"Algoblocs\"  data-calculation=\"0\">Algoblocs<\/option><option value=\"Bee-bot-(classe-de-Florent)\"  data-calculation=\"0\">Bee-bot (classe de Florent)<\/option><\/select><\/div><\/div><\/div><div class=\"forminator-row\"><div id=\"textarea-1\" class=\"forminator-field-textarea forminator-col forminator-col-12 \"><div class=\"forminator-field\"><label for=\"forminator-field-textarea-1_69d78781c476c\" id=\"forminator-field-textarea-1_69d78781c476c-label\" class=\"forminator-label\">Qui propose le d\u00e9fi ? <span class=\"forminator-required\">*<\/span><\/label><textarea name=\"textarea-1\" placeholder=\"Quelle classe ? Quelle \u00e9cole ? Quelle ville ? Quel d\u00e9partement ?\" id=\"forminator-field-textarea-1_69d78781c476c\" class=\"forminator-textarea\" rows=\"6\" style=\"min-height:140px;\" ><\/textarea><\/div><\/div><\/div><div class=\"forminator-row\"><div id=\"name-1\" class=\"forminator-field-name forminator-col forminator-col-6 \"><div class=\"forminator-field\"><label for=\"forminator-field-name-1_69d78781c476c\" class=\"forminator-label\" id=\"forminator-field-name-1_69d78781c476c-label\">Nom de l&#039;enseignant ou d&#039;un adulte responsable <span class=\"forminator-required\">*<\/span><\/label><input type=\"text\" name=\"name-1\" value=\"\" placeholder=\"Par exemple\u00a0: Jacques Martin\" id=\"forminator-field-name-1_69d78781c476c\" class=\"forminator-input forminator-name--field\" aria-required=\"true\" \/><\/div><\/div><div id=\"email-1\" class=\"forminator-field-email forminator-col forminator-col-6 \"><div class=\"forminator-field\"><label for=\"forminator-field-email-1_69d78781c476c\" class=\"forminator-label\" id=\"forminator-field-email-1_69d78781c476c-label\">Adresse de messagerie de l&#039;\u00e9cole ou du responsable <span class=\"forminator-required\">*<\/span><\/label><input type=\"email\" name=\"email-1\" value=\"\" placeholder=\"par exemple : ce.0593673n@ac-lille.fr\" id=\"forminator-field-email-1_69d78781c476c\" class=\"forminator-input forminator-email--field\" data-required=\"1\" aria-required=\"true\" \/><\/div><\/div><\/div><div class=\"forminator-row\"><div id=\"url-1\" class=\"forminator-field-url forminator-col forminator-col-12 \"><div class=\"forminator-field\"><label for=\"forminator-field-url-1_69d78781c476c\" class=\"forminator-label\" id=\"forminator-field-url-1_69d78781c476c-label\">Si vous avez un site web, merci d&#039;indiquer son adresse<\/label><input type=\"url\" name=\"url-1\" value=\"\" placeholder=\"Par exemple\u00a0: https:\/\/www.example.com\" id=\"forminator-field-url-1_69d78781c476c\" class=\"forminator-input forminator-website--field\" data-required=\"\" aria-required=\"false\" \/><\/div><\/div><\/div><div class=\"forminator-row\"><div id=\"upload-1\" class=\"forminator-field-upload forminator-col forminator-col-12 \"><div class=\"forminator-field\"><label for=\"forminator-field-upload-1_69d78781c476c\" class=\"forminator-label\">Fichier \u00e0 d\u00e9poser <span class=\"forminator-required\">*<\/span><\/label><div class=\"forminator-multi-upload \" data-element=\"upload-1_69d78781c476c\" aria-describedby=\"forminator-field-upload-1_69d78781c476c-description\"><input type=\"file\" name=\"upload-1[]\" id=\"forminator-field-upload-1_69d78781c476c\" class=\"forminator-input-file-required do-validate forminator-field-upload-1_69d78781c476c-7629\" multiple=\"multiple\" data-method=\"ajax\" data-size=\"8000000\" data-size-message=\"Maximum file size allowed is 8 MB. \"><div class=\"forminator-multi-upload-message\" aria-hidden=\"true\"><span class=\"forminator-icon-upload\" aria-hidden=\"true\"><\/span><p>Glissez et d\u00e9posez (ou) <a class=\"forminator-upload-file--forminator-field-upload-1_69d78781c476c\" href=\"javascript:void(0)\">Choisissez des fichiers<\/a><\/p><\/div><\/div><span id=\"forminator-field-upload-1_69d78781c476c-description\" class=\"forminator-description\">Ce peut \u00eatre une vid\u00e9o, une image, un document PDF ou autre. Attention, il faut aussi poster la ou les r\u00e9ponses possibles pour ce d\u00e9fi.<\/span><ul class=\"forminator-uploaded-files upload-container-upload-1_69d78781c476c\"><\/ul><\/div><\/div><\/div><div class=\"forminator-row\"><div id=\"consent-1\" class=\"forminator-field-consent forminator-col forminator-col-12 \"><div class=\"forminator-field\"><label for=\"forminator-field-consent-1_69d78781c476c\" class=\"forminator-label\">Consentement et autorisation <span class=\"forminator-required\">*<\/span><\/label><div class=\"forminator-checkbox__wrapper\"><label for=\"forminator-field-consent-1_69d78781c476c\" id=\"forminator-field-consent-1_69d78781c476c__label\" class=\"forminator-checkbox forminator-consent\" style=\"margin: 0;\"><input type=\"checkbox\" name=\"consent-1\" id=\"forminator-field-consent-1_69d78781c476c\" value=\"checked\" aria-labelledby=\"forminator-field-consent-1_69d78781c476c-label\" aria-describedby=\"forminator-field-consent-1_69d78781c476c__description\" data-required=\"true\" aria-required=\"true\" \/><span class=\"forminator-checkbox-box\" aria-hidden=\"true\"><\/span><\/label><div id=\"forminator-field-consent-1_69d78781c476c__description\" class=\"forminator-checkbox__label forminator-consent__label\"><p>Pour publier votre contribution, vous devez accepter ou attester que :<\/p>\n<ul>\n<li>Les documents transmis sont mis \u00e0 la disposition des administrateurs du site deficode.blog.ac-lyon.fr qui peuvent les utiliser enti\u00e8rement ou partiellement, sans limite de dur\u00e9e.<\/li>\n<li>Vous \u00eates d'accord pour mentionner le nom de l'\u00e9cole ainsi que ses coordonn\u00e9es, et\/ou le nom de la ou des personnes qui ont \u00e9labor\u00e9 le travail.<\/li>\n<li>Les d\u00e9fis propos\u00e9s sont originaux et n'ont jamais \u00e9t\u00e9 publi\u00e9s auparavant sur les plateformes des applications ou sites professionnels d\u00e9di\u00e9s \u00e0 la robotique ou la programmation.<\/li>\n<li>Vous avez re\u00e7u les autorisations parentales pour transmettre des donn\u00e9es personnelles (pour le cas de vid\u00e9os o\u00f9 l'on voit des enfants, des images de visages, un fichier audio avec la voix d'un mineur...).<\/li>\n<\/ul>\n<p>Oui, j\u2019accepte les r\u00e8gles cit\u00e9es ci-dessus, et atteste que j'ai recueilli si besoin les autorisations parentales n\u00e9cessaires.<\/p><\/div><\/div><\/div><\/div><\/div><input type=\"hidden\" name=\"referer_url\" value=\"\" \/><div class=\"forminator-row forminator-row-last\"><div class=\"forminator-col\"><div class=\"forminator-field\"><button class=\"forminator-button forminator-button-submit\">Envoyer le message<\/button><\/div><\/div><\/div><input type=\"hidden\" id=\"forminator_nonce\" name=\"forminator_nonce\" value=\"fc03792720\" \/><input type=\"hidden\" name=\"_wp_http_referer\" value=\"\/wordpress\/wp-json\/wp\/v2\/pages\/7631\" \/><input type=\"hidden\" name=\"form_id\" value=\"7629\"><input type=\"hidden\" name=\"page_id\" value=\"7631\"><input type=\"hidden\" name=\"form_type\" value=\"default\"><input type=\"hidden\" name=\"current_url\" value=\"https:\/\/deficode.blog.ac-lyon.fr\/wordpress\/proposer-un-defi\/\"><input type=\"hidden\" name=\"render_id\" value=\"0\"><input type=\"hidden\" name=\"forminator-multifile-hidden\" class=\"forminator-multifile-hidden\"><input type=\"hidden\" name=\"action\" value=\"forminator_submit_form_custom-forms\"><\/form>\n","protected":false},"excerpt":{"rendered":"","protected":false},"author":9,"featured_media":0,"parent":0,"menu_order":0,"comment_status":"closed","ping_status":"closed","template":"","meta":{"xn-wppe-expiration":[],"xn-wppe-expiration-action":[],"xn-wppe-expiration-prefix":[],"advgb_blocks_editor_width":"","advgb_blocks_columns_visual_guide":"","footnotes":""},"class_list":["post-7631","page","type-page","status-publish","czr-hentry"],"yoast_head":"<!-- This site is optimized with the Yoast SEO plugin v24.6 - https:\/\/yoast.com\/wordpress\/plugins\/seo\/ -->\n<title>Proposer un d\u00e9fi - Codage et robotique \u00e0 l&#039;\u00e9cole primaire et au coll\u00e8ge<\/title>\n<meta name=\"robots\" content=\"index, follow, max-snippet:-1, max-image-preview:large, max-video-preview:-1\" \/>\n<link rel=\"canonical\" href=\"https:\/\/deficode.blog.ac-lyon.fr\/wordpress\/proposer-un-defi\/\" \/>\n<script type=\"application\/ld+json\" class=\"yoast-schema-graph\">{\"@context\":\"https:\/\/schema.org\",\"@graph\":[{\"@type\":\"WebPage\",\"@id\":\"https:\/\/deficode.blog.ac-lyon.fr\/wordpress\/proposer-un-defi\/\",\"url\":\"https:\/\/deficode.blog.ac-lyon.fr\/wordpress\/proposer-un-defi\/\",\"name\":\"Proposer un d\u00e9fi - Codage et robotique \u00e0 l&#039;\u00e9cole primaire et au coll\u00e8ge\",\"isPartOf\":{\"@id\":\"https:\/\/deficode.blog.ac-lyon.fr\/wordpress\/#website\"},\"datePublished\":\"2023-06-01T16:59:06+00:00\",\"dateModified\":\"2023-06-01T16:59:08+00:00\",\"breadcrumb\":{\"@id\":\"https:\/\/deficode.blog.ac-lyon.fr\/wordpress\/proposer-un-defi\/#breadcrumb\"},\"inLanguage\":\"fr-FR\",\"potentialAction\":[{\"@type\":\"ReadAction\",\"target\":[\"https:\/\/deficode.blog.ac-lyon.fr\/wordpress\/proposer-un-defi\/\"]}]},{\"@type\":\"BreadcrumbList\",\"@id\":\"https:\/\/deficode.blog.ac-lyon.fr\/wordpress\/proposer-un-defi\/#breadcrumb\",\"itemListElement\":[{\"@type\":\"ListItem\",\"position\":1,\"name\":\"Accueil\",\"item\":\"https:\/\/deficode.blog.ac-lyon.fr\/wordpress\/\"},{\"@type\":\"ListItem\",\"position\":2,\"name\":\"Proposer un d\u00e9fi\"}]},{\"@type\":\"WebSite\",\"@id\":\"https:\/\/deficode.blog.ac-lyon.fr\/wordpress\/#website\",\"url\":\"https:\/\/deficode.blog.ac-lyon.fr\/wordpress\/\",\"name\":\"Codage et robotique \u00e0 l'\u00e9cole primaire et au coll\u00e8ge\",\"description\":\"Des applications, du mat\u00e9riel, des ressources et des d\u00e9fis\",\"publisher\":{\"@id\":\"https:\/\/deficode.blog.ac-lyon.fr\/wordpress\/#organization\"},\"potentialAction\":[{\"@type\":\"SearchAction\",\"target\":{\"@type\":\"EntryPoint\",\"urlTemplate\":\"https:\/\/deficode.blog.ac-lyon.fr\/wordpress\/?s={search_term_string}\"},\"query-input\":{\"@type\":\"PropertyValueSpecification\",\"valueRequired\":true,\"valueName\":\"search_term_string\"}}],\"inLanguage\":\"fr-FR\"},{\"@type\":\"Organization\",\"@id\":\"https:\/\/deficode.blog.ac-lyon.fr\/wordpress\/#organization\",\"name\":\"Codage et robotique \u00e0 l'\u00e9cole primaire et au coll\u00e8ge\",\"url\":\"https:\/\/deficode.blog.ac-lyon.fr\/wordpress\/\",\"logo\":{\"@type\":\"ImageObject\",\"inLanguage\":\"fr-FR\",\"@id\":\"https:\/\/deficode.blog.ac-lyon.fr\/wordpress\/#\/schema\/logo\/image\/\",\"url\":\"https:\/\/deficode.blog.ac-lyon.fr\/wordpress\/wp-content\/uploads\/2023\/06\/sp1.jpg\",\"contentUrl\":\"https:\/\/deficode.blog.ac-lyon.fr\/wordpress\/wp-content\/uploads\/2023\/06\/sp1.jpg\",\"width\":54,\"height\":42,\"caption\":\"Codage et robotique \u00e0 l'\u00e9cole primaire et au coll\u00e8ge\"},\"image\":{\"@id\":\"https:\/\/deficode.blog.ac-lyon.fr\/wordpress\/#\/schema\/logo\/image\/\"}}]}<\/script>\n<!-- \/ Yoast SEO plugin. -->","yoast_head_json":{"title":"Proposer un d\u00e9fi - Codage et robotique \u00e0 l&#039;\u00e9cole primaire et au coll\u00e8ge","robots":{"index":"index","follow":"follow","max-snippet":"max-snippet:-1","max-image-preview":"max-image-preview:large","max-video-preview":"max-video-preview:-1"},"canonical":"https:\/\/deficode.blog.ac-lyon.fr\/wordpress\/proposer-un-defi\/","schema":{"@context":"https:\/\/schema.org","@graph":[{"@type":"WebPage","@id":"https:\/\/deficode.blog.ac-lyon.fr\/wordpress\/proposer-un-defi\/","url":"https:\/\/deficode.blog.ac-lyon.fr\/wordpress\/proposer-un-defi\/","name":"Proposer un d\u00e9fi - Codage et robotique \u00e0 l&#039;\u00e9cole primaire et au coll\u00e8ge","isPartOf":{"@id":"https:\/\/deficode.blog.ac-lyon.fr\/wordpress\/#website"},"datePublished":"2023-06-01T16:59:06+00:00","dateModified":"2023-06-01T16:59:08+00:00","breadcrumb":{"@id":"https:\/\/deficode.blog.ac-lyon.fr\/wordpress\/proposer-un-defi\/#breadcrumb"},"inLanguage":"fr-FR","potentialAction":[{"@type":"ReadAction","target":["https:\/\/deficode.blog.ac-lyon.fr\/wordpress\/proposer-un-defi\/"]}]},{"@type":"BreadcrumbList","@id":"https:\/\/deficode.blog.ac-lyon.fr\/wordpress\/proposer-un-defi\/#breadcrumb","itemListElement":[{"@type":"ListItem","position":1,"name":"Accueil","item":"https:\/\/deficode.blog.ac-lyon.fr\/wordpress\/"},{"@type":"ListItem","position":2,"name":"Proposer un d\u00e9fi"}]},{"@type":"WebSite","@id":"https:\/\/deficode.blog.ac-lyon.fr\/wordpress\/#website","url":"https:\/\/deficode.blog.ac-lyon.fr\/wordpress\/","name":"Codage et robotique \u00e0 l'\u00e9cole primaire et au coll\u00e8ge","description":"Des applications, du mat\u00e9riel, des ressources et des d\u00e9fis","publisher":{"@id":"https:\/\/deficode.blog.ac-lyon.fr\/wordpress\/#organization"},"potentialAction":[{"@type":"SearchAction","target":{"@type":"EntryPoint","urlTemplate":"https:\/\/deficode.blog.ac-lyon.fr\/wordpress\/?s={search_term_string}"},"query-input":{"@type":"PropertyValueSpecification","valueRequired":true,"valueName":"search_term_string"}}],"inLanguage":"fr-FR"},{"@type":"Organization","@id":"https:\/\/deficode.blog.ac-lyon.fr\/wordpress\/#organization","name":"Codage et robotique \u00e0 l'\u00e9cole primaire et au coll\u00e8ge","url":"https:\/\/deficode.blog.ac-lyon.fr\/wordpress\/","logo":{"@type":"ImageObject","inLanguage":"fr-FR","@id":"https:\/\/deficode.blog.ac-lyon.fr\/wordpress\/#\/schema\/logo\/image\/","url":"https:\/\/deficode.blog.ac-lyon.fr\/wordpress\/wp-content\/uploads\/2023\/06\/sp1.jpg","contentUrl":"https:\/\/deficode.blog.ac-lyon.fr\/wordpress\/wp-content\/uploads\/2023\/06\/sp1.jpg","width":54,"height":42,"caption":"Codage et robotique \u00e0 l'\u00e9cole primaire et au coll\u00e8ge"},"image":{"@id":"https:\/\/deficode.blog.ac-lyon.fr\/wordpress\/#\/schema\/logo\/image\/"}}]}},"coauthors":[],"author_meta":{"author_link":"https:\/\/deficode.blog.ac-lyon.fr\/wordpress\/author\/frederic-simon\/","display_name":"Fr\u00e9d\u00e9ric SIMON"},"relative_dates":{"created":"Publi\u00e9 3 ans il y a","modified":"Mis \u00e0 jour 3 ans il y a"},"absolute_dates":{"created":"Publi\u00e9 le 1 juin 2023","modified":"Mise \u00e0 jour le 1 juin 2023"},"absolute_dates_time":{"created":"Publi\u00e9 le 1 juin 2023 18 h 59 min","modified":"Mise \u00e0 jour le 1 juin 2023 18 h 59 min"},"featured_img_caption":"","featured_img":false,"series_order":"","_links":{"self":[{"href":"https:\/\/deficode.blog.ac-lyon.fr\/wordpress\/wp-json\/wp\/v2\/pages\/7631","targetHints":{"allow":["GET"]}}],"collection":[{"href":"https:\/\/deficode.blog.ac-lyon.fr\/wordpress\/wp-json\/wp\/v2\/pages"}],"about":[{"href":"https:\/\/deficode.blog.ac-lyon.fr\/wordpress\/wp-json\/wp\/v2\/types\/page"}],"author":[{"embeddable":true,"href":"https:\/\/deficode.blog.ac-lyon.fr\/wordpress\/wp-json\/wp\/v2\/users\/9"}],"replies":[{"embeddable":true,"href":"https:\/\/deficode.blog.ac-lyon.fr\/wordpress\/wp-json\/wp\/v2\/comments?post=7631"}],"version-history":[{"count":1,"href":"https:\/\/deficode.blog.ac-lyon.fr\/wordpress\/wp-json\/wp\/v2\/pages\/7631\/revisions"}],"predecessor-version":[{"id":7633,"href":"https:\/\/deficode.blog.ac-lyon.fr\/wordpress\/wp-json\/wp\/v2\/pages\/7631\/revisions\/7633"}],"wp:attachment":[{"href":"https:\/\/deficode.blog.ac-lyon.fr\/wordpress\/wp-json\/wp\/v2\/media?parent=7631"}],"curies":[{"name":"wp","href":"https:\/\/api.w.org\/{rel}","templated":true}]}}