{"id":7461,"date":"2021-09-21T15:12:14","date_gmt":"2021-09-21T13:12:14","guid":{"rendered":"https:\/\/deficode.blog.ac-lyon.fr\/wordpress\/?page_id=7461"},"modified":"2023-10-05T09:39:07","modified_gmt":"2023-10-05T07:39:07","slug":"accueil","status":"publish","type":"page","link":"https:\/\/deficode.blog.ac-lyon.fr\/wordpress\/","title":{"rendered":"Accueil"},"content":{"rendered":"\n<div class=\"wp-block-columns is-layout-flex wp-container-core-columns-is-layout-9d6595d7 wp-block-columns-is-layout-flex\">\n<div class=\"wp-block-column is-layout-flow wp-block-column-is-layout-flow\">\n<a data-flickr-embed=\"true\" href=\"https:\/\/www.flickr.com\/photos\/granth\/342025299\/in\/photolist-6tymsV-Ftfx36-6giKEG-2ohDfFs-BtvHm-5S9soK-81MXJq-8wnysh-62KDtU-7Kooha-7Ksie9-2hL7oMT-ceNpd3-9rBLxz-Ejwu4-bnX4Ja-7meuHW-5HeCe5-5EbYpC-248fwoZ-233k3qW-248fwKv-5jCNaw-AsqxkP-5MpeSa-EpW-ycjfT-ptixb9-5E7HBR-pt3Tbi-6funsB-ptkbz8-b1EBc6-pbQ3iM-5SdLGC-71DAoH-wdYcV-pbQ3mx-248fyT8-52fDCG-7ueM8R-98PQDt-8TK2ZW-84Je1b-e6Diim-dCkjPH-4cRhwS-5FqGE7-8TK365-c1z26J\" title=\"red robot\"><img decoding=\"async\" src=\"https:\/\/live.staticflickr.com\/59\/342025299_70ad8e0a05.jpg\" width=\"500\" height=\"399\" alt=\"red robot\"\/><\/a><script async src=\"\/\/embedr.flickr.com\/assets\/client-code.js\" charset=\"utf-8\"><\/script>\n<\/div>\n\n\n\n<div class=\"wp-block-column is-layout-flow wp-block-column-is-layout-flow\">\n<div class=\"wp-block-advgb-infobox advgb-infobox-wrapper has-text-align-center advgb-infobox-01fbdee7-9623-4ab2-9908-23027a0d616f advgb-dyn-39d82e92\"><div class=\"advgb-infobox-wrap\"><div class=\"advgb-infobox-icon-container\"><div class=\"advgb-infobox-icon-inner-container\"><i class=\"material-icons-two-tone\">open_with<\/i><\/div><\/div><div class=\"advgb-infobox-textcontent\"><h3 class=\"advgb-infobox-title\">Bienvenue sur ce site.<\/h3><p class=\"advgb-infobox-text\">Mis en ligne en mai 2023 par l&rsquo;\u00e9quipe du <strong>R\u00e9seau D\u00e9partemental de Ressources Informatiques<\/strong> du d\u00e9partement du Rh\u00f4ne (RDRI), il pr\u00e9sente les principales applications, robots, mat\u00e9riel pour travailler la robotique et le codage \u00e0 l&rsquo;\u00e9cole primaire et au coll\u00e8ge.<br>Du cycle 1 au cycle 4, vous trouverez des id\u00e9es d&rsquo;activit\u00e9s, des conseils, des ressources ainsi que des d\u00e9fis pour travailler les activit\u00e9s de programmation.<br><strong>Bonne visite.<\/strong><\/p><\/div><\/div><\/div>\n\n\n\n<p><\/p>\n<\/div>\n<\/div>\n\n\n\n<div style=\"height:50px\" aria-hidden=\"true\" class=\"wp-block-spacer advgb-dyn-a1f5334f\"><\/div>\n\n\n<div class=\"advgb-recent-posts-block newspaper-view layout-np-1-4 recent-posts-56ac2387-94b8-4fc5-a81b-9a0838eb1638\"><div class=\"advgb-recent-posts\"><article class=\"advgb-recent-post\"><div class=\"advgb-post-thumbnail\"><a href=\"https:\/\/deficode.blog.ac-lyon.fr\/wordpress\/scratch\/\"><img decoding=\"async\" width=\"474\" height=\"383\" src=\"https:\/\/deficode.blog.ac-lyon.fr\/wordpress\/wp-content\/uploads\/2024\/12\/th.webp\" class=\"attachment-large size-large no-lazy\" alt=\"\" srcset=\"https:\/\/deficode.blog.ac-lyon.fr\/wordpress\/wp-content\/uploads\/2024\/12\/th.webp 474w, https:\/\/deficode.blog.ac-lyon.fr\/wordpress\/wp-content\/uploads\/2024\/12\/th-300x242.webp 300w\" sizes=\"(max-width: 474px) 100vw, 474px\" \/><\/a><\/div><div class=\"advgb-post-wrapper\"><h2 class=\"advgb-post-title\"><a href=\"https:\/\/deficode.blog.ac-lyon.fr\/wordpress\/scratch\/\">Scratch<\/a><\/h2><div class=\"advgb-post-info\"><span class=\"advgb-post-datetime\">Mise \u00e0 jour le 2 d\u00e9cembre 2024<\/span> <span class=\"advgb-post-comments\"><span class=\"dashicons dashicons-admin-comments\"><\/span>(0)<\/span><\/div><div class=\"advgb-post-tax-info\"><div class=\"advgb-post-tax advgb-post-category\"><div><span class=\"advgb-post-tax-term\">Les applis<\/span><\/div><\/div><\/div><div class=\"advgb-post-content\"><div class=\"advgb-post-excerpt\">Appli de programmation de d\u00e9placement par blocs d&rsquo;instructions<\/div><div class=\"advgb-post-readmore\"><a href=\"https:\/\/deficode.blog.ac-lyon.fr\/wordpress\/scratch\/\">Lire l&#039;article<\/a><\/div><\/div><\/div><\/article><article class=\"advgb-recent-post\"><div class=\"advgb-post-thumbnail\"><a href=\"https:\/\/deficode.blog.ac-lyon.fr\/wordpress\/dance-party\/\"><img decoding=\"async\" width=\"356\" height=\"261\" src=\"https:\/\/deficode.blog.ac-lyon.fr\/wordpress\/wp-content\/uploads\/2024\/06\/dance-party-1.jpg\" class=\"attachment-large size-large no-lazy\" alt=\"\" srcset=\"https:\/\/deficode.blog.ac-lyon.fr\/wordpress\/wp-content\/uploads\/2024\/06\/dance-party-1.jpg 356w, https:\/\/deficode.blog.ac-lyon.fr\/wordpress\/wp-content\/uploads\/2024\/06\/dance-party-1-300x220.jpg 300w\" sizes=\"(max-width: 356px) 100vw, 356px\" \/><\/a><\/div><div class=\"advgb-post-wrapper\"><h2 class=\"advgb-post-title\"><a href=\"https:\/\/deficode.blog.ac-lyon.fr\/wordpress\/dance-party\/\">Dance Party !<\/a><\/h2><div class=\"advgb-post-info\"><span class=\"advgb-post-datetime\">Mise \u00e0 jour le 10 juin 2024<\/span> <span class=\"advgb-post-comments\"><span class=\"dashicons dashicons-admin-comments\"><\/span>(0)<\/span><\/div><div class=\"advgb-post-tax-info\"><div class=\"advgb-post-tax advgb-post-category\"><div><span class=\"advgb-post-tax-term\">Les applis<\/span><\/div><\/div><\/div><div class=\"advgb-post-content\"><div class=\"advgb-post-excerpt\">Application de codage par blocs.<\/div><div class=\"advgb-post-readmore\"><a href=\"https:\/\/deficode.blog.ac-lyon.fr\/wordpress\/dance-party\/\">Lire l&#039;article<\/a><\/div><\/div><\/div><\/article><article class=\"advgb-recent-post\"><div class=\"advgb-post-thumbnail\"><a href=\"https:\/\/deficode.blog.ac-lyon.fr\/wordpress\/les-defis-2023-2024\/\"><img decoding=\"async\" src=\"https:\/\/deficode.blog.ac-lyon.fr\/wordpress\/wp-content\/plugins\/advanced-gutenberg\/assets\/blocks\/recent-posts\/recent-post-default.png\" \/><\/a><\/div><div class=\"advgb-post-wrapper\"><h2 class=\"advgb-post-title\"><a href=\"https:\/\/deficode.blog.ac-lyon.fr\/wordpress\/les-defis-2023-2024\/\">Les d\u00e9fis 2024 &#8211; 2025<\/a><\/h2><div class=\"advgb-post-info\"><span class=\"advgb-post-datetime\">Mise \u00e0 jour le 20 f\u00e9vrier 2025<\/span> <span class=\"advgb-post-comments\"><span class=\"dashicons dashicons-admin-comments\"><\/span>(0)<\/span><\/div><div class=\"advgb-post-tax-info\"><div class=\"advgb-post-tax advgb-post-category\"><div><span class=\"advgb-post-tax-term\">Non class\u00e9<\/span><\/div><\/div><\/div><div class=\"advgb-post-content\"><div class=\"advgb-post-excerpt\">Liens pour les d\u00e9fis 23-24<\/div><div class=\"advgb-post-readmore\"><a href=\"https:\/\/deficode.blog.ac-lyon.fr\/wordpress\/les-defis-2023-2024\/\">Lire l&#039;article<\/a><\/div><\/div><\/div><\/article><article class=\"advgb-recent-post\"><div class=\"advgb-post-thumbnail\"><a href=\"https:\/\/deficode.blog.ac-lyon.fr\/wordpress\/le-kit-robotique-cm1-cm2\/\"><img decoding=\"async\" width=\"351\" height=\"322\" src=\"https:\/\/deficode.blog.ac-lyon.fr\/wordpress\/wp-content\/uploads\/2024\/05\/kit-robotique.png\" class=\"attachment-large size-large no-lazy\" alt=\"\" srcset=\"https:\/\/deficode.blog.ac-lyon.fr\/wordpress\/wp-content\/uploads\/2024\/05\/kit-robotique.png 351w, https:\/\/deficode.blog.ac-lyon.fr\/wordpress\/wp-content\/uploads\/2024\/05\/kit-robotique-300x275.png 300w\" sizes=\"(max-width: 351px) 100vw, 351px\" \/><\/a><\/div><div class=\"advgb-post-wrapper\"><h2 class=\"advgb-post-title\"><a href=\"https:\/\/deficode.blog.ac-lyon.fr\/wordpress\/le-kit-robotique-cm1-cm2\/\">Le kit Robotique CM1-CM2<\/a><\/h2><div class=\"advgb-post-info\"><span class=\"advgb-post-datetime\">Mise \u00e0 jour le 10 juin 2024<\/span> <span class=\"advgb-post-comments\"><span class=\"dashicons dashicons-admin-comments\"><\/span>(0)<\/span><\/div><div class=\"advgb-post-tax-info\"><div class=\"advgb-post-tax advgb-post-category\"><div><span class=\"advgb-post-tax-term\">Les usages<\/span><\/div><\/div><\/div><div class=\"advgb-post-content\"><div class=\"advgb-post-excerpt\">Pr\u00e9sentation du kit robotique<\/div><div class=\"advgb-post-readmore\"><a href=\"https:\/\/deficode.blog.ac-lyon.fr\/wordpress\/le-kit-robotique-cm1-cm2\/\">Lire l&#039;article<\/a><\/div><\/div><\/div><\/article><article class=\"advgb-recent-post\"><div class=\"advgb-post-thumbnail\"><a href=\"https:\/\/deficode.blog.ac-lyon.fr\/wordpress\/photon\/\"><img decoding=\"async\" width=\"350\" height=\"380\" src=\"https:\/\/deficode.blog.ac-lyon.fr\/wordpress\/wp-content\/uploads\/2023\/12\/photon.jpg\" class=\"attachment-large size-large no-lazy\" alt=\"\" srcset=\"https:\/\/deficode.blog.ac-lyon.fr\/wordpress\/wp-content\/uploads\/2023\/12\/photon.jpg 350w, https:\/\/deficode.blog.ac-lyon.fr\/wordpress\/wp-content\/uploads\/2023\/12\/photon-276x300.jpg 276w\" sizes=\"(max-width: 350px) 100vw, 350px\" \/><\/a><\/div><div class=\"advgb-post-wrapper\"><h2 class=\"advgb-post-title\"><a href=\"https:\/\/deficode.blog.ac-lyon.fr\/wordpress\/photon\/\">Photon<\/a><\/h2><div class=\"advgb-post-info\"><span class=\"advgb-post-datetime\">Mise \u00e0 jour le 10 juin 2024<\/span> <span class=\"advgb-post-comments\"><span class=\"dashicons dashicons-admin-comments\"><\/span>(0)<\/span><\/div><div class=\"advgb-post-tax-info\"><div class=\"advgb-post-tax advgb-post-category\"><div><span class=\"advgb-post-tax-term\">Les robots<\/span><\/div><\/div><\/div><div class=\"advgb-post-content\"><div class=\"advgb-post-excerpt\">Robot de d\u00e9placement et de comportement.<\/div><div class=\"advgb-post-readmore\"><a href=\"https:\/\/deficode.blog.ac-lyon.fr\/wordpress\/photon\/\">Lire l&#039;article<\/a><\/div><\/div><\/div><\/article><\/div><\/div><style class=\"advgb-styles-renderer\">#advgb-infobox-01fbdee7-9623-4ab2-9908-23027a0d616f, .advgb-infobox-01fbdee7-9623-4ab2-9908-23027a0d616f {background-color: #f9e7b9;padding: 20px 20px 20px 20px;border: 0px solid #e8e8e8 ;border-radius: 0px;}#advgb-infobox-01fbdee7-9623-4ab2-9908-23027a0d616f .advgb-infobox-icon-container, .advgb-infobox-01fbdee7-9623-4ab2-9908-23027a0d616f .advgb-infobox-icon-container {background-color: #f5f5f5;padding: 0;margin: 0;border: 0px solid #e8e8e8 ;border-radius: 0px;}#advgb-infobox-01fbdee7-9623-4ab2-9908-23027a0d616f .advgb-infobox-icon-container i, .advgb-infobox-01fbdee7-9623-4ab2-9908-23027a0d616f .advgb-infobox-icon-container i {color: #333;font-size: 90px;display: block;}#advgb-infobox-01fbdee7-9623-4ab2-9908-23027a0d616f .advgb-infobox-textcontent .advgb-infobox-title, .advgb-infobox-01fbdee7-9623-4ab2-9908-23027a0d616f .advgb-infobox-textcontent .advgb-infobox-title {color: #333;padding: 0;margin: 5px 0 10px 0;white-space: pre-wrap;}#advgb-infobox-01fbdee7-9623-4ab2-9908-23027a0d616f .advgb-infobox-textcontent .advgb-infobox-text, .advgb-infobox-01fbdee7-9623-4ab2-9908-23027a0d616f .advgb-infobox-textcontent .advgb-infobox-text {color: #333;padding: 0;margin: 0;white-space: pre-wrap;}#advgb-infobox-01fbdee7-9623-4ab2-9908-23027a0d616f, .advgb-infobox-01fbdee7-9623-4ab2-9908-23027a0d616f {background-color: #f9e7b9;padding: 20px 20px 20px 20px;border: 0px solid #e8e8e8 ;border-radius: 0px;}#advgb-infobox-01fbdee7-9623-4ab2-9908-23027a0d616f .advgb-infobox-icon-container, .advgb-infobox-01fbdee7-9623-4ab2-9908-23027a0d616f .advgb-infobox-icon-container {background-color: #f5f5f5;padding: 0;margin: 0;border: 0px solid #e8e8e8 ;border-radius: 0px;}#advgb-infobox-01fbdee7-9623-4ab2-9908-23027a0d616f .advgb-infobox-icon-container i, .advgb-infobox-01fbdee7-9623-4ab2-9908-23027a0d616f .advgb-infobox-icon-container i {color: #333;font-size: 90px;display: block;}#advgb-infobox-01fbdee7-9623-4ab2-9908-23027a0d616f .advgb-infobox-textcontent .advgb-infobox-title, .advgb-infobox-01fbdee7-9623-4ab2-9908-23027a0d616f .advgb-infobox-textcontent .advgb-infobox-title {color: #333;padding: 0;margin: 5px 0 10px 0;white-space: pre-wrap;}#advgb-infobox-01fbdee7-9623-4ab2-9908-23027a0d616f .advgb-infobox-textcontent .advgb-infobox-text, .advgb-infobox-01fbdee7-9623-4ab2-9908-23027a0d616f .advgb-infobox-textcontent .advgb-infobox-text {color: #333;padding: 0;margin: 0;white-space: pre-wrap;}#advgb-infobox-01fbdee7-9623-4ab2-9908-23027a0d616f, .advgb-infobox-01fbdee7-9623-4ab2-9908-23027a0d616f {background-color: #f9e7b9;padding: 20px 20px 20px 20px;border: 0px solid #e8e8e8 ;border-radius: 0px;}#advgb-infobox-01fbdee7-9623-4ab2-9908-23027a0d616f .advgb-infobox-icon-container, .advgb-infobox-01fbdee7-9623-4ab2-9908-23027a0d616f .advgb-infobox-icon-container {background-color: #f5f5f5;padding: 0;margin: 0;border: 0px solid #e8e8e8 ;border-radius: 0px;}#advgb-infobox-01fbdee7-9623-4ab2-9908-23027a0d616f .advgb-infobox-icon-container i, .advgb-infobox-01fbdee7-9623-4ab2-9908-23027a0d616f .advgb-infobox-icon-container i {color: #333;font-size: 90px;display: block;}#advgb-infobox-01fbdee7-9623-4ab2-9908-23027a0d616f .advgb-infobox-textcontent .advgb-infobox-title, .advgb-infobox-01fbdee7-9623-4ab2-9908-23027a0d616f .advgb-infobox-textcontent .advgb-infobox-title {color: #333;padding: 0;margin: 5px 0 10px 0;white-space: pre-wrap;}#advgb-infobox-01fbdee7-9623-4ab2-9908-23027a0d616f .advgb-infobox-textcontent .advgb-infobox-text, .advgb-infobox-01fbdee7-9623-4ab2-9908-23027a0d616f .advgb-infobox-textcontent .advgb-infobox-text {color: #333;padding: 0;margin: 0;white-space: pre-wrap;}<\/style>","protected":false},"excerpt":{"rendered":"","protected":false},"author":5,"featured_media":0,"parent":0,"menu_order":0,"comment_status":"closed","ping_status":"closed","template":"","meta":{"xn-wppe-expiration":[],"xn-wppe-expiration-action":[],"xn-wppe-expiration-prefix":[],"advgb_blocks_editor_width":"","advgb_blocks_columns_visual_guide":"","footnotes":""},"class_list":["post-7461","page","type-page","status-publish","czr-hentry"],"yoast_head":"<!-- This site is optimized with the Yoast SEO plugin v24.6 - https:\/\/yoast.com\/wordpress\/plugins\/seo\/ -->\n<title>Accueil - Codage et robotique \u00e0 l&#039;\u00e9cole primaire et au coll\u00e8ge<\/title>\n<meta name=\"robots\" content=\"index, follow, max-snippet:-1, max-image-preview:large, max-video-preview:-1\" \/>\n<link rel=\"canonical\" href=\"https:\/\/deficode.blog.ac-lyon.fr\/wordpress\/\" \/>\n<script type=\"application\/ld+json\" class=\"yoast-schema-graph\">{\"@context\":\"https:\/\/schema.org\",\"@graph\":[{\"@type\":\"WebPage\",\"@id\":\"https:\/\/deficode.blog.ac-lyon.fr\/wordpress\/\",\"url\":\"https:\/\/deficode.blog.ac-lyon.fr\/wordpress\/\",\"name\":\"Accueil - Codage et robotique \u00e0 l&#039;\u00e9cole primaire et au coll\u00e8ge\",\"isPartOf\":{\"@id\":\"https:\/\/deficode.blog.ac-lyon.fr\/wordpress\/#website\"},\"primaryImageOfPage\":{\"@id\":\"https:\/\/deficode.blog.ac-lyon.fr\/wordpress\/#primaryimage\"},\"image\":{\"@id\":\"https:\/\/deficode.blog.ac-lyon.fr\/wordpress\/#primaryimage\"},\"thumbnailUrl\":\"https:\/\/live.staticflickr.com\/59\/342025299_70ad8e0a05.jpg\",\"datePublished\":\"2021-09-21T13:12:14+00:00\",\"dateModified\":\"2023-10-05T07:39:07+00:00\",\"breadcrumb\":{\"@id\":\"https:\/\/deficode.blog.ac-lyon.fr\/wordpress\/#breadcrumb\"},\"inLanguage\":\"fr-FR\",\"potentialAction\":[{\"@type\":\"ReadAction\",\"target\":[\"https:\/\/deficode.blog.ac-lyon.fr\/wordpress\/\"]}]},{\"@type\":\"ImageObject\",\"inLanguage\":\"fr-FR\",\"@id\":\"https:\/\/deficode.blog.ac-lyon.fr\/wordpress\/#primaryimage\",\"url\":\"https:\/\/live.staticflickr.com\/59\/342025299_70ad8e0a05.jpg\",\"contentUrl\":\"https:\/\/live.staticflickr.com\/59\/342025299_70ad8e0a05.jpg\"},{\"@type\":\"BreadcrumbList\",\"@id\":\"https:\/\/deficode.blog.ac-lyon.fr\/wordpress\/#breadcrumb\",\"itemListElement\":[{\"@type\":\"ListItem\",\"position\":1,\"name\":\"Accueil\",\"item\":\"https:\/\/deficode.blog.ac-lyon.fr\/wordpress\/\"},{\"@type\":\"ListItem\",\"position\":2,\"name\":\"Accueil\"}]},{\"@type\":\"WebSite\",\"@id\":\"https:\/\/deficode.blog.ac-lyon.fr\/wordpress\/#website\",\"url\":\"https:\/\/deficode.blog.ac-lyon.fr\/wordpress\/\",\"name\":\"Codage et robotique \u00e0 l'\u00e9cole primaire et au coll\u00e8ge\",\"description\":\"Des applications, du mat\u00e9riel, des ressources et des d\u00e9fis\",\"publisher\":{\"@id\":\"https:\/\/deficode.blog.ac-lyon.fr\/wordpress\/#organization\"},\"potentialAction\":[{\"@type\":\"SearchAction\",\"target\":{\"@type\":\"EntryPoint\",\"urlTemplate\":\"https:\/\/deficode.blog.ac-lyon.fr\/wordpress\/?s={search_term_string}\"},\"query-input\":{\"@type\":\"PropertyValueSpecification\",\"valueRequired\":true,\"valueName\":\"search_term_string\"}}],\"inLanguage\":\"fr-FR\"},{\"@type\":\"Organization\",\"@id\":\"https:\/\/deficode.blog.ac-lyon.fr\/wordpress\/#organization\",\"name\":\"Codage et robotique \u00e0 l'\u00e9cole primaire et au coll\u00e8ge\",\"url\":\"https:\/\/deficode.blog.ac-lyon.fr\/wordpress\/\",\"logo\":{\"@type\":\"ImageObject\",\"inLanguage\":\"fr-FR\",\"@id\":\"https:\/\/deficode.blog.ac-lyon.fr\/wordpress\/#\/schema\/logo\/image\/\",\"url\":\"https:\/\/deficode.blog.ac-lyon.fr\/wordpress\/wp-content\/uploads\/2023\/06\/sp1.jpg\",\"contentUrl\":\"https:\/\/deficode.blog.ac-lyon.fr\/wordpress\/wp-content\/uploads\/2023\/06\/sp1.jpg\",\"width\":54,\"height\":42,\"caption\":\"Codage et robotique \u00e0 l'\u00e9cole primaire et au coll\u00e8ge\"},\"image\":{\"@id\":\"https:\/\/deficode.blog.ac-lyon.fr\/wordpress\/#\/schema\/logo\/image\/\"}}]}<\/script>\n<!-- \/ Yoast SEO plugin. -->","yoast_head_json":{"title":"Accueil - Codage et robotique \u00e0 l&#039;\u00e9cole primaire et au coll\u00e8ge","robots":{"index":"index","follow":"follow","max-snippet":"max-snippet:-1","max-image-preview":"max-image-preview:large","max-video-preview":"max-video-preview:-1"},"canonical":"https:\/\/deficode.blog.ac-lyon.fr\/wordpress\/","schema":{"@context":"https:\/\/schema.org","@graph":[{"@type":"WebPage","@id":"https:\/\/deficode.blog.ac-lyon.fr\/wordpress\/","url":"https:\/\/deficode.blog.ac-lyon.fr\/wordpress\/","name":"Accueil - Codage et robotique \u00e0 l&#039;\u00e9cole primaire et au coll\u00e8ge","isPartOf":{"@id":"https:\/\/deficode.blog.ac-lyon.fr\/wordpress\/#website"},"primaryImageOfPage":{"@id":"https:\/\/deficode.blog.ac-lyon.fr\/wordpress\/#primaryimage"},"image":{"@id":"https:\/\/deficode.blog.ac-lyon.fr\/wordpress\/#primaryimage"},"thumbnailUrl":"https:\/\/live.staticflickr.com\/59\/342025299_70ad8e0a05.jpg","datePublished":"2021-09-21T13:12:14+00:00","dateModified":"2023-10-05T07:39:07+00:00","breadcrumb":{"@id":"https:\/\/deficode.blog.ac-lyon.fr\/wordpress\/#breadcrumb"},"inLanguage":"fr-FR","potentialAction":[{"@type":"ReadAction","target":["https:\/\/deficode.blog.ac-lyon.fr\/wordpress\/"]}]},{"@type":"ImageObject","inLanguage":"fr-FR","@id":"https:\/\/deficode.blog.ac-lyon.fr\/wordpress\/#primaryimage","url":"https:\/\/live.staticflickr.com\/59\/342025299_70ad8e0a05.jpg","contentUrl":"https:\/\/live.staticflickr.com\/59\/342025299_70ad8e0a05.jpg"},{"@type":"BreadcrumbList","@id":"https:\/\/deficode.blog.ac-lyon.fr\/wordpress\/#breadcrumb","itemListElement":[{"@type":"ListItem","position":1,"name":"Accueil","item":"https:\/\/deficode.blog.ac-lyon.fr\/wordpress\/"},{"@type":"ListItem","position":2,"name":"Accueil"}]},{"@type":"WebSite","@id":"https:\/\/deficode.blog.ac-lyon.fr\/wordpress\/#website","url":"https:\/\/deficode.blog.ac-lyon.fr\/wordpress\/","name":"Codage et robotique \u00e0 l'\u00e9cole primaire et au coll\u00e8ge","description":"Des applications, du mat\u00e9riel, des ressources et des d\u00e9fis","publisher":{"@id":"https:\/\/deficode.blog.ac-lyon.fr\/wordpress\/#organization"},"potentialAction":[{"@type":"SearchAction","target":{"@type":"EntryPoint","urlTemplate":"https:\/\/deficode.blog.ac-lyon.fr\/wordpress\/?s={search_term_string}"},"query-input":{"@type":"PropertyValueSpecification","valueRequired":true,"valueName":"search_term_string"}}],"inLanguage":"fr-FR"},{"@type":"Organization","@id":"https:\/\/deficode.blog.ac-lyon.fr\/wordpress\/#organization","name":"Codage et robotique \u00e0 l'\u00e9cole primaire et au coll\u00e8ge","url":"https:\/\/deficode.blog.ac-lyon.fr\/wordpress\/","logo":{"@type":"ImageObject","inLanguage":"fr-FR","@id":"https:\/\/deficode.blog.ac-lyon.fr\/wordpress\/#\/schema\/logo\/image\/","url":"https:\/\/deficode.blog.ac-lyon.fr\/wordpress\/wp-content\/uploads\/2023\/06\/sp1.jpg","contentUrl":"https:\/\/deficode.blog.ac-lyon.fr\/wordpress\/wp-content\/uploads\/2023\/06\/sp1.jpg","width":54,"height":42,"caption":"Codage et robotique \u00e0 l'\u00e9cole primaire et au coll\u00e8ge"},"image":{"@id":"https:\/\/deficode.blog.ac-lyon.fr\/wordpress\/#\/schema\/logo\/image\/"}}]}},"coauthors":[],"author_meta":{"author_link":"https:\/\/deficode.blog.ac-lyon.fr\/wordpress\/author\/daneblog\/","display_name":"Webmestre acad\u00e9mique"},"relative_dates":{"created":"Publi\u00e9 5 ans il y a","modified":"Mis \u00e0 jour 3 ans il y a"},"absolute_dates":{"created":"Publi\u00e9 le 21 septembre 2021","modified":"Mise \u00e0 jour le 5 octobre 2023"},"absolute_dates_time":{"created":"Publi\u00e9 le 21 septembre 2021 15 h 12 min","modified":"Mise \u00e0 jour le 5 octobre 2023 9 h 39 min"},"featured_img_caption":"","featured_img":false,"series_order":"","_links":{"self":[{"href":"https:\/\/deficode.blog.ac-lyon.fr\/wordpress\/wp-json\/wp\/v2\/pages\/7461","targetHints":{"allow":["GET"]}}],"collection":[{"href":"https:\/\/deficode.blog.ac-lyon.fr\/wordpress\/wp-json\/wp\/v2\/pages"}],"about":[{"href":"https:\/\/deficode.blog.ac-lyon.fr\/wordpress\/wp-json\/wp\/v2\/types\/page"}],"author":[{"embeddable":true,"href":"https:\/\/deficode.blog.ac-lyon.fr\/wordpress\/wp-json\/wp\/v2\/users\/5"}],"replies":[{"embeddable":true,"href":"https:\/\/deficode.blog.ac-lyon.fr\/wordpress\/wp-json\/wp\/v2\/comments?post=7461"}],"version-history":[{"count":8,"href":"https:\/\/deficode.blog.ac-lyon.fr\/wordpress\/wp-json\/wp\/v2\/pages\/7461\/revisions"}],"predecessor-version":[{"id":8216,"href":"https:\/\/deficode.blog.ac-lyon.fr\/wordpress\/wp-json\/wp\/v2\/pages\/7461\/revisions\/8216"}],"wp:attachment":[{"href":"https:\/\/deficode.blog.ac-lyon.fr\/wordpress\/wp-json\/wp\/v2\/media?parent=7461"}],"curies":[{"name":"wp","href":"https:\/\/api.w.org\/{rel}","templated":true}]}}