{"id":7424,"date":"2021-09-20T13:17:39","date_gmt":"2021-09-20T11:17:39","guid":{"rendered":"https:\/\/blog.ac-lyon.fr\/?page_id=7424"},"modified":"2021-09-21T16:43:39","modified_gmt":"2021-09-21T14:43:39","slug":"formulaire-de-contact","status":"publish","type":"page","link":"https:\/\/deficode.blog.ac-lyon.fr\/wordpress\/formulaire-de-contact\/","title":{"rendered":"Formulaire de contact"},"content":{"rendered":"\n<div class=\"wp-block-advgb-contact-form advgb-contact-form\"><form method=\"POST\"><div class=\"advgb-form-field advgb-form-field-half\"><input type=\"text\" class=\"advgb-form-input advgb-form-input-name\" placeholder=\"NOM et pr\u00e9nom\" name=\"contact_name\"\/><\/div><div class=\"advgb-form-field advgb-form-field-half\"><input type=\"email\" class=\"advgb-form-input advgb-form-input-email\" placeholder=\"Courriel\" name=\"contact_email\"\/><\/div><div class=\"advgb-form-field advgb-form-field-full\"><textarea class=\"advgb-form-input advgb-form-input-msg\" placeholder=\"Message\" name=\"contact_message\"><\/textarea><\/div><div class=\"advgb-grecaptcha clearfix position-center\"><\/div><input type=\"hidden\" name=\"advgb_blockform_nonce_field\" value=\"1887e4c1f6\"><div class=\"advgb-form-submit-wrapper\" style=\"text-align:center\"><button class=\"advgb-form-submit\" type=\"submit\" data-success=\"Votre message a bien \u00e9t\u00e9 envoy\u00e9.\" data-alert=\"Champ obligatoire\">Envoyer le message<\/button><\/div><\/form><\/div>\n","protected":false},"excerpt":{"rendered":"","protected":false},"author":5,"featured_media":0,"parent":0,"menu_order":0,"comment_status":"closed","ping_status":"closed","template":"","meta":{"xn-wppe-expiration":[],"xn-wppe-expiration-action":[],"xn-wppe-expiration-prefix":[],"advgb_blocks_editor_width":"","advgb_blocks_columns_visual_guide":"","footnotes":""},"class_list":["post-7424","page","type-page","status-publish","czr-hentry"],"yoast_head":"<!-- This site is optimized with the Yoast SEO plugin v24.6 - https:\/\/yoast.com\/wordpress\/plugins\/seo\/ -->\n<title>Formulaire de contact - Codage et robotique \u00e0 l&#039;\u00e9cole primaire et au coll\u00e8ge<\/title>\n<meta name=\"robots\" content=\"index, follow, max-snippet:-1, max-image-preview:large, max-video-preview:-1\" \/>\n<link rel=\"canonical\" href=\"https:\/\/deficode.blog.ac-lyon.fr\/wordpress\/formulaire-de-contact\/\" \/>\n<script type=\"application\/ld+json\" class=\"yoast-schema-graph\">{\"@context\":\"https:\/\/schema.org\",\"@graph\":[{\"@type\":\"WebPage\",\"@id\":\"https:\/\/deficode.blog.ac-lyon.fr\/wordpress\/formulaire-de-contact\/\",\"url\":\"https:\/\/deficode.blog.ac-lyon.fr\/wordpress\/formulaire-de-contact\/\",\"name\":\"Formulaire de contact - Codage et robotique \u00e0 l&#039;\u00e9cole primaire et au coll\u00e8ge\",\"isPartOf\":{\"@id\":\"https:\/\/deficode.blog.ac-lyon.fr\/wordpress\/#website\"},\"datePublished\":\"2021-09-20T11:17:39+00:00\",\"dateModified\":\"2021-09-21T14:43:39+00:00\",\"breadcrumb\":{\"@id\":\"https:\/\/deficode.blog.ac-lyon.fr\/wordpress\/formulaire-de-contact\/#breadcrumb\"},\"inLanguage\":\"fr-FR\",\"potentialAction\":[{\"@type\":\"ReadAction\",\"target\":[\"https:\/\/deficode.blog.ac-lyon.fr\/wordpress\/formulaire-de-contact\/\"]}]},{\"@type\":\"BreadcrumbList\",\"@id\":\"https:\/\/deficode.blog.ac-lyon.fr\/wordpress\/formulaire-de-contact\/#breadcrumb\",\"itemListElement\":[{\"@type\":\"ListItem\",\"position\":1,\"name\":\"Accueil\",\"item\":\"https:\/\/deficode.blog.ac-lyon.fr\/wordpress\/\"},{\"@type\":\"ListItem\",\"position\":2,\"name\":\"Formulaire de contact\"}]},{\"@type\":\"WebSite\",\"@id\":\"https:\/\/deficode.blog.ac-lyon.fr\/wordpress\/#website\",\"url\":\"https:\/\/deficode.blog.ac-lyon.fr\/wordpress\/\",\"name\":\"Codage et robotique \u00e0 l'\u00e9cole primaire et au coll\u00e8ge\",\"description\":\"Des applications, du mat\u00e9riel, des ressources et des d\u00e9fis\",\"publisher\":{\"@id\":\"https:\/\/deficode.blog.ac-lyon.fr\/wordpress\/#organization\"},\"potentialAction\":[{\"@type\":\"SearchAction\",\"target\":{\"@type\":\"EntryPoint\",\"urlTemplate\":\"https:\/\/deficode.blog.ac-lyon.fr\/wordpress\/?s={search_term_string}\"},\"query-input\":{\"@type\":\"PropertyValueSpecification\",\"valueRequired\":true,\"valueName\":\"search_term_string\"}}],\"inLanguage\":\"fr-FR\"},{\"@type\":\"Organization\",\"@id\":\"https:\/\/deficode.blog.ac-lyon.fr\/wordpress\/#organization\",\"name\":\"Codage et robotique \u00e0 l'\u00e9cole primaire et au coll\u00e8ge\",\"url\":\"https:\/\/deficode.blog.ac-lyon.fr\/wordpress\/\",\"logo\":{\"@type\":\"ImageObject\",\"inLanguage\":\"fr-FR\",\"@id\":\"https:\/\/deficode.blog.ac-lyon.fr\/wordpress\/#\/schema\/logo\/image\/\",\"url\":\"https:\/\/deficode.blog.ac-lyon.fr\/wordpress\/wp-content\/uploads\/2023\/06\/sp1.jpg\",\"contentUrl\":\"https:\/\/deficode.blog.ac-lyon.fr\/wordpress\/wp-content\/uploads\/2023\/06\/sp1.jpg\",\"width\":54,\"height\":42,\"caption\":\"Codage et robotique \u00e0 l'\u00e9cole primaire et au coll\u00e8ge\"},\"image\":{\"@id\":\"https:\/\/deficode.blog.ac-lyon.fr\/wordpress\/#\/schema\/logo\/image\/\"}}]}<\/script>\n<!-- \/ Yoast SEO plugin. -->","yoast_head_json":{"title":"Formulaire de contact - Codage et robotique \u00e0 l&#039;\u00e9cole primaire et au coll\u00e8ge","robots":{"index":"index","follow":"follow","max-snippet":"max-snippet:-1","max-image-preview":"max-image-preview:large","max-video-preview":"max-video-preview:-1"},"canonical":"https:\/\/deficode.blog.ac-lyon.fr\/wordpress\/formulaire-de-contact\/","schema":{"@context":"https:\/\/schema.org","@graph":[{"@type":"WebPage","@id":"https:\/\/deficode.blog.ac-lyon.fr\/wordpress\/formulaire-de-contact\/","url":"https:\/\/deficode.blog.ac-lyon.fr\/wordpress\/formulaire-de-contact\/","name":"Formulaire de contact - Codage et robotique \u00e0 l&#039;\u00e9cole primaire et au coll\u00e8ge","isPartOf":{"@id":"https:\/\/deficode.blog.ac-lyon.fr\/wordpress\/#website"},"datePublished":"2021-09-20T11:17:39+00:00","dateModified":"2021-09-21T14:43:39+00:00","breadcrumb":{"@id":"https:\/\/deficode.blog.ac-lyon.fr\/wordpress\/formulaire-de-contact\/#breadcrumb"},"inLanguage":"fr-FR","potentialAction":[{"@type":"ReadAction","target":["https:\/\/deficode.blog.ac-lyon.fr\/wordpress\/formulaire-de-contact\/"]}]},{"@type":"BreadcrumbList","@id":"https:\/\/deficode.blog.ac-lyon.fr\/wordpress\/formulaire-de-contact\/#breadcrumb","itemListElement":[{"@type":"ListItem","position":1,"name":"Accueil","item":"https:\/\/deficode.blog.ac-lyon.fr\/wordpress\/"},{"@type":"ListItem","position":2,"name":"Formulaire de contact"}]},{"@type":"WebSite","@id":"https:\/\/deficode.blog.ac-lyon.fr\/wordpress\/#website","url":"https:\/\/deficode.blog.ac-lyon.fr\/wordpress\/","name":"Codage et robotique \u00e0 l'\u00e9cole primaire et au coll\u00e8ge","description":"Des applications, du mat\u00e9riel, des ressources et des d\u00e9fis","publisher":{"@id":"https:\/\/deficode.blog.ac-lyon.fr\/wordpress\/#organization"},"potentialAction":[{"@type":"SearchAction","target":{"@type":"EntryPoint","urlTemplate":"https:\/\/deficode.blog.ac-lyon.fr\/wordpress\/?s={search_term_string}"},"query-input":{"@type":"PropertyValueSpecification","valueRequired":true,"valueName":"search_term_string"}}],"inLanguage":"fr-FR"},{"@type":"Organization","@id":"https:\/\/deficode.blog.ac-lyon.fr\/wordpress\/#organization","name":"Codage et robotique \u00e0 l'\u00e9cole primaire et au coll\u00e8ge","url":"https:\/\/deficode.blog.ac-lyon.fr\/wordpress\/","logo":{"@type":"ImageObject","inLanguage":"fr-FR","@id":"https:\/\/deficode.blog.ac-lyon.fr\/wordpress\/#\/schema\/logo\/image\/","url":"https:\/\/deficode.blog.ac-lyon.fr\/wordpress\/wp-content\/uploads\/2023\/06\/sp1.jpg","contentUrl":"https:\/\/deficode.blog.ac-lyon.fr\/wordpress\/wp-content\/uploads\/2023\/06\/sp1.jpg","width":54,"height":42,"caption":"Codage et robotique \u00e0 l'\u00e9cole primaire et au coll\u00e8ge"},"image":{"@id":"https:\/\/deficode.blog.ac-lyon.fr\/wordpress\/#\/schema\/logo\/image\/"}}]}},"coauthors":[],"author_meta":{"author_link":"https:\/\/deficode.blog.ac-lyon.fr\/wordpress\/author\/daneblog\/","display_name":"Webmestre acad\u00e9mique"},"relative_dates":{"created":"Publi\u00e9 5 ans il y a","modified":"Mis \u00e0 jour 5 ans il y a"},"absolute_dates":{"created":"Publi\u00e9 le 20 septembre 2021","modified":"Mise \u00e0 jour le 21 septembre 2021"},"absolute_dates_time":{"created":"Publi\u00e9 le 20 septembre 2021 13 h 17 min","modified":"Mise \u00e0 jour le 21 septembre 2021 16 h 43 min"},"featured_img_caption":"","featured_img":false,"series_order":"","_links":{"self":[{"href":"https:\/\/deficode.blog.ac-lyon.fr\/wordpress\/wp-json\/wp\/v2\/pages\/7424","targetHints":{"allow":["GET"]}}],"collection":[{"href":"https:\/\/deficode.blog.ac-lyon.fr\/wordpress\/wp-json\/wp\/v2\/pages"}],"about":[{"href":"https:\/\/deficode.blog.ac-lyon.fr\/wordpress\/wp-json\/wp\/v2\/types\/page"}],"author":[{"embeddable":true,"href":"https:\/\/deficode.blog.ac-lyon.fr\/wordpress\/wp-json\/wp\/v2\/users\/5"}],"replies":[{"embeddable":true,"href":"https:\/\/deficode.blog.ac-lyon.fr\/wordpress\/wp-json\/wp\/v2\/comments?post=7424"}],"version-history":[{"count":3,"href":"https:\/\/deficode.blog.ac-lyon.fr\/wordpress\/wp-json\/wp\/v2\/pages\/7424\/revisions"}],"predecessor-version":[{"id":7467,"href":"https:\/\/deficode.blog.ac-lyon.fr\/wordpress\/wp-json\/wp\/v2\/pages\/7424\/revisions\/7467"}],"wp:attachment":[{"href":"https:\/\/deficode.blog.ac-lyon.fr\/wordpress\/wp-json\/wp\/v2\/media?parent=7424"}],"curies":[{"name":"wp","href":"https:\/\/api.w.org\/{rel}","templated":true}]}}